{"id":182,"date":"2020-02-26T00:21:23","date_gmt":"2020-02-26T00:21:23","guid":{"rendered":"https:\/\/ekoselo-bih.com\/?page_id=182"},"modified":"2025-02-25T02:26:17","modified_gmt":"2025-02-25T02:26:17","slug":"kontakt","status":"publish","type":"page","link":"https:\/\/ekoselo-bih.com\/en\/kontakt\/","title":{"rendered":"Contact us"},"content":{"rendered":"\t\t<div data-elementor-type=\"wp-page\" data-elementor-id=\"182\" class=\"elementor elementor-182\" data-elementor-post-type=\"page\">\n\t\t\t\t<div class=\"elementor-element elementor-element-3331c9b e-flex e-con-boxed e-con e-parent\" data-id=\"3331c9b\" data-element_type=\"container\" data-e-type=\"container\" data-settings=\"{&quot;background_background&quot;:&quot;classic&quot;}\">\n\t\t\t\t\t<div class=\"e-con-inner\">\n\t\t<div class=\"elementor-element elementor-element-b0155ad e-con-full e-flex e-con e-child\" data-id=\"b0155ad\" data-element_type=\"container\" data-e-type=\"container\">\n\t\t\t\t<div class=\"elementor-element elementor-element-5173bf6 elementor-invisible elementor-widget elementor-widget-heading\" data-id=\"5173bf6\" data-element_type=\"widget\" data-e-type=\"widget\" data-settings=\"{&quot;_animation&quot;:&quot;fadeIn&quot;}\" data-widget_type=\"heading.default\">\n\t\t\t\t<div class=\"elementor-widget-container\">\n\t\t\t\t\t<h1 class=\"elementor-heading-title elementor-size-default\">Kontakt<\/h1>\t\t\t\t<\/div>\n\t\t\t\t<\/div>\n\t\t\t\t<div class=\"elementor-element elementor-element-0969fc0 elementor-invisible elementor-widget elementor-widget-heading\" data-id=\"0969fc0\" data-element_type=\"widget\" data-e-type=\"widget\" data-settings=\"{&quot;_animation&quot;:&quot;fadeIn&quot;}\" data-widget_type=\"heading.default\">\n\t\t\t\t<div class=\"elementor-widget-container\">\n\t\t\t\t\t<h2 class=\"elementor-heading-title elementor-size-default\">Budite slobodni da nam se obratite..<\/h2>\t\t\t\t<\/div>\n\t\t\t\t<\/div>\n\t\t\t\t<div class=\"elementor-element elementor-element-f0e41c6 fluent-form-widget-step-header-yes fluent-form-widget-step-progressbar-yes fluentform-widget-submit-button-custom elementor-widget elementor-widget-fluent-form-widget\" data-id=\"f0e41c6\" data-element_type=\"widget\" data-e-type=\"widget\" data-widget_type=\"fluent-form-widget.default\">\n\t\t\t\t<div class=\"elementor-widget-container\">\n\t\t\t\t\t\n            <div class=\"fluentform-widget-wrapper hide-placeholder fluentform-widget-align-default\">\n\n            \n            <div class='fluentform ff-default fluentform_wrapper_3 ffs_custom_wrap'><form data-form_id=\"3\" id=\"fluentform_3\" class=\"frm-fluent-form fluent_form_3 ff-el-form-top ff_form_instance_3_1 ff-form-loading ff_has_v3_recptcha ffs_custom\" data-form_instance=\"ff_form_instance_3_1\" method=\"POST\" data-recptcha_key=\"6LdbZeYqAAAAAC3uS6CqWVDsPJ05yWT-rU1ZdmAn\" ><fieldset  style=\"border: none!important;margin: 0!important;padding: 0!important;background-color: transparent!important;box-shadow: none!important;outline: none!important; min-inline-size: 100%;\">\n                    <legend class=\"ff_screen_reader_title\" style=\"display: block; margin: 0!important;padding: 0!important;height: 0!important;text-indent: -999999px;width: 0!important;overflow:hidden;\">Kontakt<\/legend><input type='hidden' name='__fluent_form_embded_post_id' value='182' \/><input type=\"hidden\" id=\"_fluentform_3_fluentformnonce\" name=\"_fluentform_3_fluentformnonce\" value=\"21c6299f96\" \/><input type=\"hidden\" name=\"_wp_http_referer\" value=\"\/en\/wp-json\/wp\/v2\/pages\/182\" \/><div data-type=\"name-element\" data-name=\"name_0\" class=\" ff-field_container ff-name-field-wrapper\" ><div class='ff-t-container'><div class='ff-t-cell '><div class='ff-el-group  ff-el-form-top'><div class=\"ff-el-input--label ff-el-is-required asterisk-right\"><label for='ff_3_name_0_first_name_' id='label_ff_3_name_0_first_name_' >Ime i prezime<\/label><\/div><div class='ff-el-input--content'><input type=\"text\" name=\"name_0[first_name]\" id=\"ff_3_name_0_first_name_\" class=\"ff-el-form-control\" aria-invalid=\"false\" aria-required=true><\/div><\/div><\/div><\/div><\/div><div class='ff-el-group'><div class=\"ff-el-input--label ff-el-is-required asterisk-right\"><label for='ff_3_email_1' id='label_ff_3_email_1' aria-label=\"Email\">Email<\/label><\/div><div class='ff-el-input--content'><input type=\"email\" name=\"email_1\" class=\"ff-el-form-control\" id=\"ff_3_email_1\" data-name=\"email_1\"  aria-invalid=\"false\" aria-required=true><\/div><\/div><div class='ff-el-group'><div class=\"ff-el-input--label ff-el-is-required asterisk-right\"><label for='ff_3_number_4' id='label_ff_3_number_4' aria-label=\"Kontakt broj\">Kontakt broj<\/label><\/div><div class='ff-el-input--content'><input type=\"number\" name=\"number_4\" id=\"ff_3_number_4\" class=\"ff-el-form-control\" data-name=\"number_4\" inputmode=\"numeric\" step=\"1\"  aria-invalid=\"false\" aria-required=true><\/div><\/div><div class='ff-el-group'><div class=\"ff-el-input--label ff-el-is-required asterisk-right\"><label for='ff_3_textarea_2' id='label_ff_3_textarea_2' aria-label=\"Poruka\">Poruka<\/label><\/div><div class='ff-el-input--content'><textarea aria-required=\"true\" aria-labelledby=\"label_ff_3_textarea_2\" name=\"textarea_2\" class=\"ff-el-form-control\" id=\"ff_3_textarea_2\" cols=\"2\" data-name=\"textarea_2\" ><\/textarea><\/div><\/div><div class='ff-el-group ff-text-left ff_submit_btn_wrapper'><button type=\"submit\" class=\"ff-btn ff-btn-submit ff-btn-md ff_btn_style\"  aria-label=\"Po\u0161aljite upit\">Po\u0161aljite upit<\/button><\/div><\/fieldset><\/form><div id='fluentform_3_errors' class='ff-errors-in-stack ff_form_instance_3_1 ff-form-loading_errors ff_form_instance_3_1_errors'><\/div><\/div>            <script type=\"text\/javascript\">\n                window.fluent_form_ff_form_instance_3_1 = {\"id\":\"3\",\"settings\":{\"layout\":{\"labelPlacement\":\"top\",\"asteriskPlacement\":\"asterisk-right\",\"helpMessagePlacement\":\"with_label\",\"errorMessagePlacement\":\"inline\",\"cssClassName\":\"\"},\"restrictions\":{\"denyEmptySubmission\":{\"enabled\":false}}},\"form_instance\":\"ff_form_instance_3_1\",\"form_id_selector\":\"fluentform_3\",\"rules\":{\"name_0[first_name]\":{\"required\":{\"value\":true,\"message\":\"This field is required\",\"global\":false,\"global_message\":\"This field is required\"}},\"name_0[]\":{\"required\":{\"value\":false,\"message\":\"This field is required\",\"global\":false,\"global_message\":\"This field is required\"}},\"email_1\":{\"required\":{\"value\":true,\"message\":\"This field is required\",\"global\":false,\"global_message\":\"This field is required\"},\"email\":{\"value\":1,\"message\":\"This field must contain a valid email\",\"global\":false,\"global_message\":\"This field must contain a valid email\"}},\"number_4\":{\"required\":{\"value\":true,\"message\":\"This field is required\",\"global\":false,\"global_message\":\"This field is required\"},\"numeric\":{\"value\":true,\"message\":\"This field must contain numeric value\",\"global\":false,\"global_message\":\"This field must contain numeric value\"},\"min\":{\"value\":\"\",\"message\":\"Minimum value is \",\"global\":false,\"global_message\":\"Validation fails for minimum value\"},\"max\":{\"value\":\"\",\"message\":\"Maximum value is \",\"global\":false,\"global_message\":\"Validation fails for maximum value\"}},\"textarea_2\":{\"required\":{\"value\":true,\"message\":\"This field is required\",\"global\":false,\"global_message\":\"This field is required\"}},\"g-recaptcha-response\":[]},\"debounce_time\":300};\n                            <\/script>\n                        <\/div>\n\n            \t\t\t\t<\/div>\n\t\t\t\t<\/div>\n\t\t\t\t<\/div>\n\t\t\t\t\t<\/div>\n\t\t\t\t<\/div>\n\t\t\t\t<\/div>\n\t\t","protected":false},"excerpt":{"rendered":"<p>Kontakt Budite slobodni da nam se obratite.. Kontakt Ime i prezimeEmailKontakt brojPorukaPo\u0161aljite upit<\/p>","protected":false},"author":1,"featured_media":0,"parent":0,"menu_order":0,"comment_status":"closed","ping_status":"closed","template":"","meta":{"footnotes":""},"class_list":["post-182","page","type-page","status-publish","hentry"],"yoast_head":"<!-- This site is optimized with the Yoast SEO plugin v27.2 - https:\/\/yoast.com\/product\/yoast-seo-wordpress\/ -->\n<title>Kontakt - EkoSelo Bora\u010dko jezero<\/title>\n<meta name=\"description\" content=\"EkoSelo Bora\u010dko jezero - Do\u017eivite nezaboravan provod!\" \/>\n<meta name=\"robots\" content=\"index, follow, max-snippet:-1, max-image-preview:large, max-video-preview:-1\" \/>\n<link rel=\"canonical\" href=\"https:\/\/ekoselo-bih.com\/en\/kontakt\/\" \/>\n<meta property=\"og:locale\" content=\"en_US\" \/>\n<meta property=\"og:type\" content=\"article\" \/>\n<meta property=\"og:title\" content=\"Kontakt - EkoSelo Bora\u010dko jezero\" \/>\n<meta property=\"og:description\" content=\"EkoSelo Bora\u010dko jezero - Do\u017eivite nezaboravan provod!\" \/>\n<meta property=\"og:url\" content=\"https:\/\/ekoselo-bih.com\/en\/kontakt\/\" \/>\n<meta property=\"og:site_name\" content=\"EkoSelo Bora\u010dko jezero\" \/>\n<meta property=\"article:publisher\" content=\"https:\/\/www.facebook.com\/ekoselo.ba\/?epa=SEARCH_BOX\" \/>\n<meta property=\"article:modified_time\" content=\"2025-02-25T02:26:17+00:00\" \/>\n<meta property=\"og:image\" content=\"https:\/\/ekoselo-bih.com\/wp-content\/uploads\/2020\/02\/a-1.png\" \/>\n\t<meta property=\"og:image:width\" content=\"750\" \/>\n\t<meta property=\"og:image:height\" content=\"398\" \/>\n\t<meta property=\"og:image:type\" content=\"image\/png\" \/>\n<meta name=\"twitter:card\" content=\"summary_large_image\" \/>\n<meta name=\"twitter:label1\" content=\"Est. reading time\" \/>\n\t<meta name=\"twitter:data1\" content=\"1 minute\" \/>\n<script type=\"application\/ld+json\" class=\"yoast-schema-graph\">{\"@context\":\"https:\/\/schema.org\",\"@graph\":[{\"@type\":\"WebPage\",\"@id\":\"https:\/\/ekoselo-bih.com\/kontakt\/\",\"url\":\"https:\/\/ekoselo-bih.com\/kontakt\/\",\"name\":\"Kontakt - EkoSelo Bora\u010dko jezero\",\"isPartOf\":{\"@id\":\"https:\/\/ekoselo-bih.com\/#website\"},\"datePublished\":\"2020-02-26T00:21:23+00:00\",\"dateModified\":\"2025-02-25T02:26:17+00:00\",\"description\":\"EkoSelo Bora\u010dko jezero - Do\u017eivite nezaboravan provod!\",\"breadcrumb\":{\"@id\":\"https:\/\/ekoselo-bih.com\/kontakt\/#breadcrumb\"},\"inLanguage\":\"en-US\",\"potentialAction\":[{\"@type\":\"ReadAction\",\"target\":[\"https:\/\/ekoselo-bih.com\/kontakt\/\"]}]},{\"@type\":\"BreadcrumbList\",\"@id\":\"https:\/\/ekoselo-bih.com\/kontakt\/#breadcrumb\",\"itemListElement\":[{\"@type\":\"ListItem\",\"position\":1,\"name\":\"Home\",\"item\":\"https:\/\/ekoselo-bih.com\/\"},{\"@type\":\"ListItem\",\"position\":2,\"name\":\"Kontakt\"}]},{\"@type\":\"WebSite\",\"@id\":\"https:\/\/ekoselo-bih.com\/#website\",\"url\":\"https:\/\/ekoselo-bih.com\/\",\"name\":\"EkoSelo Bora\u010dko jezero\",\"description\":\"Posjetite EkoSelo Bora\u010dko jezero i do\u017eivite nezaboravan provod\",\"publisher\":{\"@id\":\"https:\/\/ekoselo-bih.com\/#organization\"},\"potentialAction\":[{\"@type\":\"SearchAction\",\"target\":{\"@type\":\"EntryPoint\",\"urlTemplate\":\"https:\/\/ekoselo-bih.com\/?s={search_term_string}\"},\"query-input\":{\"@type\":\"PropertyValueSpecification\",\"valueRequired\":true,\"valueName\":\"search_term_string\"}}],\"inLanguage\":\"en-US\"},{\"@type\":\"Organization\",\"@id\":\"https:\/\/ekoselo-bih.com\/#organization\",\"name\":\"EkoSelo Bora\u010dko jezero\",\"url\":\"https:\/\/ekoselo-bih.com\/\",\"logo\":{\"@type\":\"ImageObject\",\"inLanguage\":\"en-US\",\"@id\":\"https:\/\/ekoselo-bih.com\/#\/schema\/logo\/image\/\",\"url\":\"https:\/\/ekoselo-bih.com\/wp-content\/uploads\/2020\/02\/logo-1.png\",\"contentUrl\":\"https:\/\/ekoselo-bih.com\/wp-content\/uploads\/2020\/02\/logo-1.png\",\"width\":177,\"height\":109,\"caption\":\"EkoSelo Bora\u010dko jezero\"},\"image\":{\"@id\":\"https:\/\/ekoselo-bih.com\/#\/schema\/logo\/image\/\"},\"sameAs\":[\"https:\/\/www.facebook.com\/ekoselo.ba\/?epa=SEARCH_BOX\",\"https:\/\/www.instagram.com\/ekoseloborackojezero\/\"]}]}<\/script>\n<!-- \/ Yoast SEO plugin. -->","yoast_head_json":{"title":"Kontakt - EkoSelo Bora\u010dko jezero","description":"EkoSelo Bora\u010dko jezero - Do\u017eivite nezaboravan provod!","robots":{"index":"index","follow":"follow","max-snippet":"max-snippet:-1","max-image-preview":"max-image-preview:large","max-video-preview":"max-video-preview:-1"},"canonical":"https:\/\/ekoselo-bih.com\/en\/kontakt\/","og_locale":"en_US","og_type":"article","og_title":"Kontakt - EkoSelo Bora\u010dko jezero","og_description":"EkoSelo Bora\u010dko jezero - Do\u017eivite nezaboravan provod!","og_url":"https:\/\/ekoselo-bih.com\/en\/kontakt\/","og_site_name":"EkoSelo Bora\u010dko jezero","article_publisher":"https:\/\/www.facebook.com\/ekoselo.ba\/?epa=SEARCH_BOX","article_modified_time":"2025-02-25T02:26:17+00:00","og_image":[{"width":750,"height":398,"url":"https:\/\/ekoselo-bih.com\/wp-content\/uploads\/2020\/02\/a-1.png","type":"image\/png"}],"twitter_card":"summary_large_image","twitter_misc":{"Est. reading time":"1 minute"},"schema":{"@context":"https:\/\/schema.org","@graph":[{"@type":"WebPage","@id":"https:\/\/ekoselo-bih.com\/kontakt\/","url":"https:\/\/ekoselo-bih.com\/kontakt\/","name":"Kontakt - EkoSelo Bora\u010dko jezero","isPartOf":{"@id":"https:\/\/ekoselo-bih.com\/#website"},"datePublished":"2020-02-26T00:21:23+00:00","dateModified":"2025-02-25T02:26:17+00:00","description":"EkoSelo Bora\u010dko jezero - Do\u017eivite nezaboravan provod!","breadcrumb":{"@id":"https:\/\/ekoselo-bih.com\/kontakt\/#breadcrumb"},"inLanguage":"en-US","potentialAction":[{"@type":"ReadAction","target":["https:\/\/ekoselo-bih.com\/kontakt\/"]}]},{"@type":"BreadcrumbList","@id":"https:\/\/ekoselo-bih.com\/kontakt\/#breadcrumb","itemListElement":[{"@type":"ListItem","position":1,"name":"Home","item":"https:\/\/ekoselo-bih.com\/"},{"@type":"ListItem","position":2,"name":"Kontakt"}]},{"@type":"WebSite","@id":"https:\/\/ekoselo-bih.com\/#website","url":"https:\/\/ekoselo-bih.com\/","name":"EkoSelo Bora\u010dko jezero","description":"Posjetite EkoSelo Bora\u010dko jezero i do\u017eivite nezaboravan provod","publisher":{"@id":"https:\/\/ekoselo-bih.com\/#organization"},"potentialAction":[{"@type":"SearchAction","target":{"@type":"EntryPoint","urlTemplate":"https:\/\/ekoselo-bih.com\/?s={search_term_string}"},"query-input":{"@type":"PropertyValueSpecification","valueRequired":true,"valueName":"search_term_string"}}],"inLanguage":"en-US"},{"@type":"Organization","@id":"https:\/\/ekoselo-bih.com\/#organization","name":"EkoSelo Bora\u010dko jezero","url":"https:\/\/ekoselo-bih.com\/","logo":{"@type":"ImageObject","inLanguage":"en-US","@id":"https:\/\/ekoselo-bih.com\/#\/schema\/logo\/image\/","url":"https:\/\/ekoselo-bih.com\/wp-content\/uploads\/2020\/02\/logo-1.png","contentUrl":"https:\/\/ekoselo-bih.com\/wp-content\/uploads\/2020\/02\/logo-1.png","width":177,"height":109,"caption":"EkoSelo Bora\u010dko jezero"},"image":{"@id":"https:\/\/ekoselo-bih.com\/#\/schema\/logo\/image\/"},"sameAs":["https:\/\/www.facebook.com\/ekoselo.ba\/?epa=SEARCH_BOX","https:\/\/www.instagram.com\/ekoseloborackojezero\/"]}]}},"_links":{"self":[{"href":"https:\/\/ekoselo-bih.com\/en\/wp-json\/wp\/v2\/pages\/182","targetHints":{"allow":["GET"]}}],"collection":[{"href":"https:\/\/ekoselo-bih.com\/en\/wp-json\/wp\/v2\/pages"}],"about":[{"href":"https:\/\/ekoselo-bih.com\/en\/wp-json\/wp\/v2\/types\/page"}],"author":[{"embeddable":true,"href":"https:\/\/ekoselo-bih.com\/en\/wp-json\/wp\/v2\/users\/1"}],"replies":[{"embeddable":true,"href":"https:\/\/ekoselo-bih.com\/en\/wp-json\/wp\/v2\/comments?post=182"}],"version-history":[{"count":45,"href":"https:\/\/ekoselo-bih.com\/en\/wp-json\/wp\/v2\/pages\/182\/revisions"}],"predecessor-version":[{"id":3450,"href":"https:\/\/ekoselo-bih.com\/en\/wp-json\/wp\/v2\/pages\/182\/revisions\/3450"}],"wp:attachment":[{"href":"https:\/\/ekoselo-bih.com\/en\/wp-json\/wp\/v2\/media?parent=182"}],"curies":[{"name":"wp","href":"https:\/\/api.w.org\/{rel}","templated":true}]}}