{"id":3,"date":"2020-02-19T14:58:02","date_gmt":"2020-02-19T14:58:02","guid":{"rendered":"https:\/\/ekoselo-bih.com\/?page_id=3"},"modified":"2025-06-05T12:47:12","modified_gmt":"2025-06-05T12:47:12","slug":"privacy-policy","status":"publish","type":"page","link":"https:\/\/ekoselo-bih.com\/en\/privacy-policy\/","title":{"rendered":"Politika privatnosti"},"content":{"rendered":"\n<h3 class=\"wp-block-heading\">1. Uvod<\/h3>\n\n\n\n<p>Va\u0161a privatnost nam je va\u017ena. Ova politika privatnosti obja\u0161njava kako prikupljamo, koristimo i \u0161titimo va\u0161e li\u010dne podatke kada posjetite na\u0161u web stranicu.<\/p>\n\n\n\n<h3 class=\"wp-block-heading\">2. Prikupljanje i kori\u0161tenje podataka<\/h3>\n\n\n\n<p>Prikupljamo sljede\u0107e podatke putem kontakt formi (Fluent Forms):<\/p>\n\n\n\n<ul class=\"wp-block-list\">\n<li>Ime i prezime<\/li>\n\n\n\n<li>Email adresa<\/li>\n\n\n\n<li>Broj telefona<\/li>\n\n\n\n<li>Poruka ili upit<\/li>\n<\/ul>\n\n\n\n<p>Ovi podaci koriste se isklju\u010divo za odgovaranje na va\u0161e upite i pru\u017eanje tra\u017eenih informacija.<\/p>\n\n\n\n<h3 class=\"wp-block-heading\">3. Kori\u0161tenje kola\u010di\u0107a i alata tre\u0107ih strana<\/h3>\n\n\n\n<p>Na\u0161a web stranica koristi kola\u010di\u0107e i sljede\u0107e alate tre\u0107ih strana:<\/p>\n\n\n\n<ul class=\"wp-block-list\">\n<li><strong>Google Analytics<\/strong>: Za analizu posje\u0107enosti i pona\u0161anja korisnika na web stranici.<\/li>\n\n\n\n<li><strong>Facebook Pixel<\/strong>: Za pra\u0107enje u\u010dinkovitosti na\u0161ih marketin\u0161kih kampanja na Facebooku.<\/li>\n<\/ul>\n\n\n\n<p>Ovi alati mogu prikupljati informacije kao \u0161to su IP adresa, vrsta ure\u0111aja, pregledane stranice i vrijeme provedeno na stranici.<\/p>\n\n\n\n<h3 class=\"wp-block-heading\">4. Prava korisnika<\/h3>\n\n\n\n<p>U skladu s GDPR regulativom, imate pravo na:<\/p>\n\n\n\n<ul class=\"wp-block-list\">\n<li>Pristup svojim li\u010dnim podacima<\/li>\n\n\n\n<li>Ispravku neta\u010dnih podataka<\/li>\n\n\n\n<li>Brisanje svojih podataka (&#8220;pravo na zaborav&#8221;)<\/li>\n\n\n\n<li>Ograni\u010denje obrade podataka<\/li>\n\n\n\n<li>Prenosivost podataka<\/li>\n\n\n\n<li>Prigovor na obradu podataka<\/li>\n<\/ul>\n\n\n\n<p>Za ostvarivanje ovih prava, molimo kontaktirajte nas putem kontakt forme ili na [va\u0161 email].<\/p>\n\n\n\n<h3 class=\"wp-block-heading\">5. Sigurnost podataka<\/h3>\n\n\n\n<p>Poduzimamo odgovaraju\u0107e tehni\u010dke i organizacijske mjere kako bismo za\u0161titili va\u0161e podatke od neovla\u0161tenog pristupa, gubitka ili zloupotrebe.<\/p>\n\n\n\n<h3 class=\"wp-block-heading\">6. Promjene politike privatnosti<\/h3>\n\n\n\n<p>Zadr\u017eavamo pravo izmjene ove politike privatnosti u bilo kojem trenutku. Sve promjene bit \u0107e objavljene na ovoj stranici.<\/p>\n","protected":false},"excerpt":{"rendered":"<p>1. Uvod Va\u0161a privatnost nam je va\u017ena. Ova politika privatnosti obja\u0161njava kako prikupljamo, koristimo i \u0161titimo va\u0161e li\u010dne podatke kada posjetite na\u0161u web stranicu. 2. Prikupljanje i kori\u0161tenje podataka Prikupljamo sljede\u0107e podatke putem kontakt formi (Fluent Forms): Ovi podaci koriste se isklju\u010divo za odgovaranje na va\u0161e upite i pru\u017eanje tra\u017eenih informacija. 3. Kori\u0161tenje kola\u010di\u0107a i [&hellip;]<\/p>\n","protected":false},"author":1,"featured_media":0,"parent":0,"menu_order":0,"comment_status":"closed","ping_status":"open","template":"","meta":{"footnotes":""},"class_list":["post-3","page","type-page","status-publish","hentry"],"yoast_head":"<!-- This site is optimized with the Yoast SEO plugin v27.2 - https:\/\/yoast.com\/product\/yoast-seo-wordpress\/ -->\n<title>Politika privatnosti - EkoSelo Bora\u010dko jezero<\/title>\n<meta name=\"description\" content=\"EkoSelo Bora\u010dko jezero - Do\u017eivite nezaboravan provod!\" \/>\n<meta name=\"robots\" content=\"index, follow, max-snippet:-1, max-image-preview:large, max-video-preview:-1\" \/>\n<link rel=\"canonical\" href=\"https:\/\/ekoselo-bih.com\/en\/privacy-policy\/\" \/>\n<meta property=\"og:locale\" content=\"en_US\" \/>\n<meta property=\"og:type\" content=\"article\" \/>\n<meta property=\"og:title\" content=\"Politika privatnosti - EkoSelo Bora\u010dko jezero\" \/>\n<meta property=\"og:description\" content=\"EkoSelo Bora\u010dko jezero - Do\u017eivite nezaboravan provod!\" \/>\n<meta property=\"og:url\" content=\"https:\/\/ekoselo-bih.com\/en\/privacy-policy\/\" \/>\n<meta property=\"og:site_name\" content=\"EkoSelo Bora\u010dko jezero\" \/>\n<meta property=\"article:publisher\" content=\"https:\/\/www.facebook.com\/ekoselo.ba\/?epa=SEARCH_BOX\" \/>\n<meta property=\"article:modified_time\" content=\"2025-06-05T12:47:12+00:00\" \/>\n<meta property=\"og:image\" content=\"https:\/\/ekoselo-bih.com\/wp-content\/uploads\/2020\/02\/a-1.png\" \/>\n\t<meta property=\"og:image:width\" content=\"750\" \/>\n\t<meta property=\"og:image:height\" content=\"398\" \/>\n\t<meta property=\"og:image:type\" content=\"image\/png\" \/>\n<meta name=\"twitter:card\" content=\"summary_large_image\" \/>\n<meta name=\"twitter:label1\" content=\"Est. reading time\" \/>\n\t<meta name=\"twitter:data1\" content=\"1 minute\" \/>\n<script type=\"application\/ld+json\" class=\"yoast-schema-graph\">{\"@context\":\"https:\/\/schema.org\",\"@graph\":[{\"@type\":\"WebPage\",\"@id\":\"https:\/\/ekoselo-bih.com\/privacy-policy\/\",\"url\":\"https:\/\/ekoselo-bih.com\/privacy-policy\/\",\"name\":\"Politika privatnosti - EkoSelo Bora\u010dko jezero\",\"isPartOf\":{\"@id\":\"https:\/\/ekoselo-bih.com\/#website\"},\"datePublished\":\"2020-02-19T14:58:02+00:00\",\"dateModified\":\"2025-06-05T12:47:12+00:00\",\"description\":\"EkoSelo Bora\u010dko jezero - Do\u017eivite nezaboravan provod!\",\"breadcrumb\":{\"@id\":\"https:\/\/ekoselo-bih.com\/privacy-policy\/#breadcrumb\"},\"inLanguage\":\"en-US\",\"potentialAction\":[{\"@type\":\"ReadAction\",\"target\":[\"https:\/\/ekoselo-bih.com\/privacy-policy\/\"]}]},{\"@type\":\"BreadcrumbList\",\"@id\":\"https:\/\/ekoselo-bih.com\/privacy-policy\/#breadcrumb\",\"itemListElement\":[{\"@type\":\"ListItem\",\"position\":1,\"name\":\"Home\",\"item\":\"https:\/\/ekoselo-bih.com\/\"},{\"@type\":\"ListItem\",\"position\":2,\"name\":\"Politika privatnosti\"}]},{\"@type\":\"WebSite\",\"@id\":\"https:\/\/ekoselo-bih.com\/#website\",\"url\":\"https:\/\/ekoselo-bih.com\/\",\"name\":\"EkoSelo Bora\u010dko jezero\",\"description\":\"Posjetite EkoSelo Bora\u010dko jezero i do\u017eivite nezaboravan provod\",\"publisher\":{\"@id\":\"https:\/\/ekoselo-bih.com\/#organization\"},\"potentialAction\":[{\"@type\":\"SearchAction\",\"target\":{\"@type\":\"EntryPoint\",\"urlTemplate\":\"https:\/\/ekoselo-bih.com\/?s={search_term_string}\"},\"query-input\":{\"@type\":\"PropertyValueSpecification\",\"valueRequired\":true,\"valueName\":\"search_term_string\"}}],\"inLanguage\":\"en-US\"},{\"@type\":\"Organization\",\"@id\":\"https:\/\/ekoselo-bih.com\/#organization\",\"name\":\"EkoSelo Bora\u010dko jezero\",\"url\":\"https:\/\/ekoselo-bih.com\/\",\"logo\":{\"@type\":\"ImageObject\",\"inLanguage\":\"en-US\",\"@id\":\"https:\/\/ekoselo-bih.com\/#\/schema\/logo\/image\/\",\"url\":\"https:\/\/ekoselo-bih.com\/wp-content\/uploads\/2020\/02\/logo-1.png\",\"contentUrl\":\"https:\/\/ekoselo-bih.com\/wp-content\/uploads\/2020\/02\/logo-1.png\",\"width\":177,\"height\":109,\"caption\":\"EkoSelo Bora\u010dko jezero\"},\"image\":{\"@id\":\"https:\/\/ekoselo-bih.com\/#\/schema\/logo\/image\/\"},\"sameAs\":[\"https:\/\/www.facebook.com\/ekoselo.ba\/?epa=SEARCH_BOX\",\"https:\/\/www.instagram.com\/ekoseloborackojezero\/\"]}]}<\/script>\n<!-- \/ Yoast SEO plugin. -->","yoast_head_json":{"title":"Politika privatnosti - EkoSelo Bora\u010dko jezero","description":"EkoSelo Bora\u010dko jezero - Do\u017eivite nezaboravan provod!","robots":{"index":"index","follow":"follow","max-snippet":"max-snippet:-1","max-image-preview":"max-image-preview:large","max-video-preview":"max-video-preview:-1"},"canonical":"https:\/\/ekoselo-bih.com\/en\/privacy-policy\/","og_locale":"en_US","og_type":"article","og_title":"Politika privatnosti - EkoSelo Bora\u010dko jezero","og_description":"EkoSelo Bora\u010dko jezero - Do\u017eivite nezaboravan provod!","og_url":"https:\/\/ekoselo-bih.com\/en\/privacy-policy\/","og_site_name":"EkoSelo Bora\u010dko jezero","article_publisher":"https:\/\/www.facebook.com\/ekoselo.ba\/?epa=SEARCH_BOX","article_modified_time":"2025-06-05T12:47:12+00:00","og_image":[{"width":750,"height":398,"url":"https:\/\/ekoselo-bih.com\/wp-content\/uploads\/2020\/02\/a-1.png","type":"image\/png"}],"twitter_card":"summary_large_image","twitter_misc":{"Est. reading time":"1 minute"},"schema":{"@context":"https:\/\/schema.org","@graph":[{"@type":"WebPage","@id":"https:\/\/ekoselo-bih.com\/privacy-policy\/","url":"https:\/\/ekoselo-bih.com\/privacy-policy\/","name":"Politika privatnosti - EkoSelo Bora\u010dko jezero","isPartOf":{"@id":"https:\/\/ekoselo-bih.com\/#website"},"datePublished":"2020-02-19T14:58:02+00:00","dateModified":"2025-06-05T12:47:12+00:00","description":"EkoSelo Bora\u010dko jezero - Do\u017eivite nezaboravan provod!","breadcrumb":{"@id":"https:\/\/ekoselo-bih.com\/privacy-policy\/#breadcrumb"},"inLanguage":"en-US","potentialAction":[{"@type":"ReadAction","target":["https:\/\/ekoselo-bih.com\/privacy-policy\/"]}]},{"@type":"BreadcrumbList","@id":"https:\/\/ekoselo-bih.com\/privacy-policy\/#breadcrumb","itemListElement":[{"@type":"ListItem","position":1,"name":"Home","item":"https:\/\/ekoselo-bih.com\/"},{"@type":"ListItem","position":2,"name":"Politika privatnosti"}]},{"@type":"WebSite","@id":"https:\/\/ekoselo-bih.com\/#website","url":"https:\/\/ekoselo-bih.com\/","name":"EkoSelo Bora\u010dko jezero","description":"Posjetite EkoSelo Bora\u010dko jezero i do\u017eivite nezaboravan provod","publisher":{"@id":"https:\/\/ekoselo-bih.com\/#organization"},"potentialAction":[{"@type":"SearchAction","target":{"@type":"EntryPoint","urlTemplate":"https:\/\/ekoselo-bih.com\/?s={search_term_string}"},"query-input":{"@type":"PropertyValueSpecification","valueRequired":true,"valueName":"search_term_string"}}],"inLanguage":"en-US"},{"@type":"Organization","@id":"https:\/\/ekoselo-bih.com\/#organization","name":"EkoSelo Bora\u010dko jezero","url":"https:\/\/ekoselo-bih.com\/","logo":{"@type":"ImageObject","inLanguage":"en-US","@id":"https:\/\/ekoselo-bih.com\/#\/schema\/logo\/image\/","url":"https:\/\/ekoselo-bih.com\/wp-content\/uploads\/2020\/02\/logo-1.png","contentUrl":"https:\/\/ekoselo-bih.com\/wp-content\/uploads\/2020\/02\/logo-1.png","width":177,"height":109,"caption":"EkoSelo Bora\u010dko jezero"},"image":{"@id":"https:\/\/ekoselo-bih.com\/#\/schema\/logo\/image\/"},"sameAs":["https:\/\/www.facebook.com\/ekoselo.ba\/?epa=SEARCH_BOX","https:\/\/www.instagram.com\/ekoseloborackojezero\/"]}]}},"_links":{"self":[{"href":"https:\/\/ekoselo-bih.com\/en\/wp-json\/wp\/v2\/pages\/3","targetHints":{"allow":["GET"]}}],"collection":[{"href":"https:\/\/ekoselo-bih.com\/en\/wp-json\/wp\/v2\/pages"}],"about":[{"href":"https:\/\/ekoselo-bih.com\/en\/wp-json\/wp\/v2\/types\/page"}],"author":[{"embeddable":true,"href":"https:\/\/ekoselo-bih.com\/en\/wp-json\/wp\/v2\/users\/1"}],"replies":[{"embeddable":true,"href":"https:\/\/ekoselo-bih.com\/en\/wp-json\/wp\/v2\/comments?post=3"}],"version-history":[{"count":3,"href":"https:\/\/ekoselo-bih.com\/en\/wp-json\/wp\/v2\/pages\/3\/revisions"}],"predecessor-version":[{"id":3571,"href":"https:\/\/ekoselo-bih.com\/en\/wp-json\/wp\/v2\/pages\/3\/revisions\/3571"}],"wp:attachment":[{"href":"https:\/\/ekoselo-bih.com\/en\/wp-json\/wp\/v2\/media?parent=3"}],"curies":[{"name":"wp","href":"https:\/\/api.w.org\/{rel}","templated":true}]}}